{"id":1665,"date":"2025-03-02T22:15:29","date_gmt":"2025-03-03T01:15:29","guid":{"rendered":"https:\/\/filacp.com\/residentesrd2025\/?page_id=1665"},"modified":"2025-06-27T22:41:03","modified_gmt":"2025-06-28T01:41:03","slug":"mensaje-del-dr-francisco-villegas","status":"publish","type":"page","link":"https:\/\/filacp.com\/residentesrd2025\/mensaje-del-dr-francisco-villegas\/","title":{"rendered":"Mensaje del Dr. Francisco Villegas"},"content":{"rendered":"\t\t<div data-elementor-type=\"wp-page\" data-elementor-id=\"1665\" class=\"elementor elementor-1665\">\n\t\t\t\t\t\t<section class=\"elementor-section elementor-top-section elementor-element elementor-element-faa6f01 elementor-section-boxed elementor-section-height-default elementor-section-height-default\" data-id=\"faa6f01\" data-element_type=\"section\">\n\t\t\t\t\t\t<div class=\"elementor-container elementor-column-gap-default\">\n\t\t\t\t\t<div class=\"elementor-column elementor-col-100 elementor-top-column elementor-element elementor-element-abd3411\" data-id=\"abd3411\" data-element_type=\"column\">\n\t\t\t<div class=\"elementor-widget-wrap elementor-element-populated\">\n\t\t\t\t\t\t<div class=\"elementor-element elementor-element-97cc918 elementor-widget elementor-widget-text-editor\" data-id=\"97cc918\" data-element_type=\"widget\" data-widget_type=\"text-editor.default\">\n\t\t\t\t<div class=\"elementor-widget-container\">\n\t\t\t\t\t\t\t\t\t<p>Desde la Direcci\u00f3n de la Fundaci\u00f3n Docente de la FILACP, les damos la bienvenida al II Congreso Ibero-Latinoamericano de Residentes y J\u00f3venes Especialistas en Cirug\u00eda Pl\u00e1stica.<\/p><p>Este evento, que se llevar\u00e1 a cabo del 3 al 6 de septiembre de 2025 en Santo Domingo, es una oportunidad \u00fanica de crecimiento profesional y acad\u00e9mico para todos los residentes, j\u00f3venes egresados, docentes, tutores y expertos de los 22 pa\u00edses miembros de la FILACP. Nuestro compromiso con la formaci\u00f3n continua y el desarrollo de la cirug\u00eda pl\u00e1stica nos impulsa a reunir a los mejores talentos y recursos para ofrecer un espacio de aprendizaje, colaboraci\u00f3n e innovaci\u00f3n.<\/p><p>En este congreso, buscamos que:<\/p><ul><li style=\"text-align: left;\">Residentes de los 22 pa\u00edses participen activamente con comunicaciones libres, p\u00f3sters y presentaciones orales, para enriquecer la experiencia y el conocimiento compartido.<\/li><li style=\"text-align: left;\">J\u00f3venes egresados benef\u00edciense de las oportunidades de intercambio y capacitaci\u00f3n para continuar su formaci\u00f3n y actualizaci\u00f3n profesional.<\/li><li style=\"text-align: left;\">Tutores y docentes contribuyan con su experiencia en la formaci\u00f3n de futuros cirujanos pl\u00e1sticos, compartiendo sus conocimientos y participando en el desarrollo del programa acad\u00e9mico.<\/li><li style=\"text-align: left;\">Expertos en cirug\u00eda pl\u00e1stica ofrezcan su visi\u00f3n y perspectiva, aportando al fortalecimiento de la especialidad en la regi\u00f3n y ayudando a guiar a las nuevas generaciones.<\/li><li style=\"text-align: left;\">Industria farmac\u00e9utica y proveedores de tecnolog\u00eda descubran nuevas oportunidades de colaboraci\u00f3n y<br \/>expansi\u00f3n, con acceso a un p\u00fablico altamente especializado y comprometido con la excelencia.<\/li><\/ul><p>Este congreso es el punto de encuentro donde la educaci\u00f3n se encuentra con la innovaci\u00f3n para impulsar el futuro de la cirug\u00eda pl\u00e1stica en Iberoam\u00e9rica.<\/p><p><strong>\u00a1Los esperamos con entusiasmo para compartir, aprender y crecer juntos!<\/strong><\/p>\t\t\t\t\t\t\t\t<\/div>\n\t\t\t\t<\/div>\n\t\t\t\t<div class=\"elementor-element elementor-element-84a0996 elementor-position-top elementor-position-top elementor-widget elementor-widget-image-box\" data-id=\"84a0996\" data-element_type=\"widget\" data-widget_type=\"image-box.default\">\n\t\t\t\t<div class=\"elementor-widget-container\">\n\t\t\t\t\t<div class=\"elementor-image-box-wrapper\"><figure class=\"elementor-image-box-img\"><img decoding=\"async\" width=\"85\" height=\"100\" src=\"https:\/\/filacp.com\/residentesrd2025\/wp-content\/uploads\/DrVillegas25.jpg\" class=\"attachment-full size-full wp-image-1805\" alt=\"\" \/><\/figure><div class=\"elementor-image-box-content\"><h3 class=\"elementor-image-box-title\">Dr. Francisco Villegas<\/h3><p class=\"elementor-image-box-description\">Dir. Fundaci\u00f3n Docente FILACP<\/p><\/div><\/div>\t\t\t\t<\/div>\n\t\t\t\t<\/div>\n\t\t\t\t\t<\/div>\n\t\t<\/div>\n\t\t\t\t\t<\/div>\n\t\t<\/section>\n\t\t\t\t<\/div>\n\t\t","protected":false},"excerpt":{"rendered":"<p>Desde la Direcci\u00f3n de la Fundaci\u00f3n Docente de la FILACP, les damos la bienvenida al II Congreso Ibero-Latinoamericano de Residentes y J\u00f3venes Especialistas en Cirug\u00eda Pl\u00e1stica. Este evento, que se llevar\u00e1 a cabo del 3 al 6 de septiembre de 2025 en Santo Domingo, es una oportunidad \u00fanica de crecimiento profesional y acad\u00e9mico para todos [&hellip;]<\/p>\n","protected":false},"author":1,"featured_media":0,"parent":0,"menu_order":0,"comment_status":"closed","ping_status":"closed","template":"","meta":{"ocean_post_layout":"","ocean_both_sidebars_style":"","ocean_both_sidebars_content_width":0,"ocean_both_sidebars_sidebars_width":0,"ocean_sidebar":"","ocean_second_sidebar":"","ocean_disable_margins":"enable","ocean_add_body_class":"","ocean_shortcode_before_top_bar":"","ocean_shortcode_after_top_bar":"","ocean_shortcode_before_header":"","ocean_shortcode_after_header":"","ocean_has_shortcode":"","ocean_shortcode_after_title":"","ocean_shortcode_before_footer_widgets":"","ocean_shortcode_after_footer_widgets":"","ocean_shortcode_before_footer_bottom":"","ocean_shortcode_after_footer_bottom":"","ocean_display_top_bar":"default","ocean_display_header":"default","ocean_header_style":"","ocean_center_header_left_menu":"","ocean_custom_header_template":"","ocean_custom_logo":0,"ocean_custom_retina_logo":0,"ocean_custom_logo_max_width":0,"ocean_custom_logo_tablet_max_width":0,"ocean_custom_logo_mobile_max_width":0,"ocean_custom_logo_max_height":0,"ocean_custom_logo_tablet_max_height":0,"ocean_custom_logo_mobile_max_height":0,"ocean_header_custom_menu":"","ocean_menu_typo_font_family":"","ocean_menu_typo_font_subset":"","ocean_menu_typo_font_size":0,"ocean_menu_typo_font_size_tablet":0,"ocean_menu_typo_font_size_mobile":0,"ocean_menu_typo_font_size_unit":"px","ocean_menu_typo_font_weight":"","ocean_menu_typo_font_weight_tablet":"","ocean_menu_typo_font_weight_mobile":"","ocean_menu_typo_transform":"","ocean_menu_typo_transform_tablet":"","ocean_menu_typo_transform_mobile":"","ocean_menu_typo_line_height":0,"ocean_menu_typo_line_height_tablet":0,"ocean_menu_typo_line_height_mobile":0,"ocean_menu_typo_line_height_unit":"","ocean_menu_typo_spacing":0,"ocean_menu_typo_spacing_tablet":0,"ocean_menu_typo_spacing_mobile":0,"ocean_menu_typo_spacing_unit":"","ocean_menu_link_color":"","ocean_menu_link_color_hover":"","ocean_menu_link_color_active":"","ocean_menu_link_background":"","ocean_menu_link_hover_background":"","ocean_menu_link_active_background":"","ocean_menu_social_links_bg":"","ocean_menu_social_hover_links_bg":"","ocean_menu_social_links_color":"","ocean_menu_social_hover_links_color":"","ocean_disable_title":"default","ocean_disable_heading":"default","ocean_post_title":"","ocean_post_subheading":"","ocean_post_title_style":"","ocean_post_title_background_color":"","ocean_post_title_background":0,"ocean_post_title_bg_image_position":"","ocean_post_title_bg_image_attachment":"","ocean_post_title_bg_image_repeat":"","ocean_post_title_bg_image_size":"","ocean_post_title_height":0,"ocean_post_title_bg_overlay":0.5,"ocean_post_title_bg_overlay_color":"","ocean_disable_breadcrumbs":"default","ocean_breadcrumbs_color":"","ocean_breadcrumbs_separator_color":"","ocean_breadcrumbs_links_color":"","ocean_breadcrumbs_links_hover_color":"","ocean_display_footer_widgets":"default","ocean_display_footer_bottom":"default","ocean_custom_footer_template":"","footnotes":""},"class_list":["post-1665","page","type-page","status-publish","hentry","entry"],"_links":{"self":[{"href":"https:\/\/filacp.com\/residentesrd2025\/wp-json\/wp\/v2\/pages\/1665","targetHints":{"allow":["GET"]}}],"collection":[{"href":"https:\/\/filacp.com\/residentesrd2025\/wp-json\/wp\/v2\/pages"}],"about":[{"href":"https:\/\/filacp.com\/residentesrd2025\/wp-json\/wp\/v2\/types\/page"}],"author":[{"embeddable":true,"href":"https:\/\/filacp.com\/residentesrd2025\/wp-json\/wp\/v2\/users\/1"}],"replies":[{"embeddable":true,"href":"https:\/\/filacp.com\/residentesrd2025\/wp-json\/wp\/v2\/comments?post=1665"}],"version-history":[{"count":0,"href":"https:\/\/filacp.com\/residentesrd2025\/wp-json\/wp\/v2\/pages\/1665\/revisions"}],"wp:attachment":[{"href":"https:\/\/filacp.com\/residentesrd2025\/wp-json\/wp\/v2\/media?parent=1665"}],"curies":[{"name":"wp","href":"https:\/\/api.w.org\/{rel}","templated":true}]}}