{"id":1744,"date":"2025-04-22T19:13:23","date_gmt":"2025-04-22T22:13:23","guid":{"rendered":"https:\/\/filacp.com\/residentesrd2025\/?page_id=1744"},"modified":"2025-04-22T19:14:32","modified_gmt":"2025-04-22T22:14:32","slug":"mensaje-del-dr-pablo-davalos-davalos","status":"publish","type":"page","link":"https:\/\/filacp.com\/residentesrd2025\/mensaje-del-dr-pablo-davalos-davalos\/","title":{"rendered":"Mensaje del Dr. Pablo Davalos Davalos"},"content":{"rendered":"\t\t<div data-elementor-type=\"wp-page\" data-elementor-id=\"1744\" class=\"elementor elementor-1744\">\n\t\t\t\t\t\t<section class=\"elementor-section elementor-top-section elementor-element elementor-element-3b5c907 elementor-section-boxed elementor-section-height-default elementor-section-height-default\" data-id=\"3b5c907\" data-element_type=\"section\">\n\t\t\t\t\t\t<div class=\"elementor-container elementor-column-gap-default\">\n\t\t\t\t\t<div class=\"elementor-column elementor-col-100 elementor-top-column elementor-element elementor-element-c03cb8b\" data-id=\"c03cb8b\" data-element_type=\"column\">\n\t\t\t<div class=\"elementor-widget-wrap elementor-element-populated\">\n\t\t\t\t\t\t<div class=\"elementor-element elementor-element-6456c13 elementor-widget elementor-widget-text-editor\" data-id=\"6456c13\" data-element_type=\"widget\" data-widget_type=\"text-editor.default\">\n\t\t\t\t<div class=\"elementor-widget-container\">\n\t\t\t\t\t\t\t\t\t<p>Estimadas y estimados colegas,<br \/>Queridas nuevas generaciones de la cirug\u00eda pl\u00e1stica Ibero Latinoamericana.<\/p><p>Desde la Presidencia de la <strong>Federaci\u00f3n Ibero Latinoamericana de Cirug\u00eda Pl\u00e1stica (FILACP),<\/strong> me complace invitarles con profundo entusiasmo al <strong>II Congreso Ibero Latinoamericano de Residentes y J\u00f3venes Especialistas en Cirug\u00eda Pl\u00e1stica<\/strong>, bajo el lema <strong>\u201cConectando Generaciones: experiencia e innovaci\u00f3n\u201d<\/strong>, que celebraremos del <strong>3 al 6 de septiembre de 2025<\/strong>, en la c\u00e1lida y acogedora ciudad de <strong>Santo Domingo, Rep\u00fablica Dominicana<\/strong>.<\/p><p>Este congreso no solo es un evento acad\u00e9mico de alta calidad. Es, sobre todo, un <strong>encuentro generacional<\/strong>, donde confluyen la energ\u00eda de los residentes, la creatividad de los j\u00f3venes especialistas y la gu\u00eda de nuestros maestros. Un espacio donde el presente se conecta con el futuro de nuestra especialidad.<\/p><p>La FILACP cree firmemente que el desarrollo y la integraci\u00f3n regional comienzan con <strong>ustedes:<\/strong> los que se est\u00e1n formando hoy, los que innovan, los que cuestionan y proponen. Por eso, este congreso ha sido concebido para inspirar, para formar y para proyectar a las nuevas generaciones en un escenario que valorar\u00e1 sus ideas, sus trabajos cient\u00edficos y su compromiso con la excelencia.<\/p><p>La ciudad sede, <strong>Santo Domingo<\/strong>, cuna de la historia de Am\u00e9rica, nos ofrece el marco ideal para esta experiencia: hospitalidad, historia, cultura y un esp\u00edritu alegre que contagia. Y detr\u00e1s de la organizaci\u00f3n, la <strong>Sociedad Dominicana de Cirug\u00eda Pl\u00e1stica Reconstructiva y Est\u00e9tica (SODOCIPRE)<\/strong> anfitriona ejemplar, cuya capacidad de trabajo, pasi\u00f3n por la docencia y visi\u00f3n regional garantizan un evento inolvidable.<\/p><p>Les animo a participar activamente, a presentar sus investigaciones, a hacer nuevas conexiones y a vivir intensamente esta gran cita del conocimiento y la confraternidad.<\/p><p>Nos vemos en Santo Domingo, para seguir construyendo juntos el futuro de la cirug\u00eda pl\u00e1stica en Ibero Latinoam\u00e9rica.<\/p><p>Con afecto institucional,<\/p>\t\t\t\t\t\t\t\t<\/div>\n\t\t\t\t<\/div>\n\t\t\t\t<div class=\"elementor-element elementor-element-eb23a6c elementor-position-top elementor-position-top elementor-widget elementor-widget-image-box\" data-id=\"eb23a6c\" data-element_type=\"widget\" data-widget_type=\"image-box.default\">\n\t\t\t\t<div class=\"elementor-widget-container\">\n\t\t\t\t\t<div class=\"elementor-image-box-wrapper\"><figure class=\"elementor-image-box-img\"><img decoding=\"async\" width=\"85\" height=\"100\" src=\"https:\/\/filacp.com\/residentesrd2025\/wp-content\/uploads\/davalos.jpg\" class=\"attachment-full size-full wp-image-1240\" alt=\"\" \/><\/figure><div class=\"elementor-image-box-content\"><h3 class=\"elementor-image-box-title\">Dr. Pablo Davalos Davalos<\/h3><p class=\"elementor-image-box-description\">Presidente de FILACP<\/p><\/div><\/div>\t\t\t\t<\/div>\n\t\t\t\t<\/div>\n\t\t\t\t\t<\/div>\n\t\t<\/div>\n\t\t\t\t\t<\/div>\n\t\t<\/section>\n\t\t\t\t<\/div>\n\t\t","protected":false},"excerpt":{"rendered":"<p>Estimadas y estimados colegas,Queridas nuevas generaciones de la cirug\u00eda pl\u00e1stica Ibero Latinoamericana. Desde la Presidencia de la Federaci\u00f3n Ibero Latinoamericana de Cirug\u00eda Pl\u00e1stica (FILACP), me complace invitarles con profundo entusiasmo al II Congreso Ibero Latinoamericano de Residentes y J\u00f3venes Especialistas en Cirug\u00eda Pl\u00e1stica, bajo el lema \u201cConectando Generaciones: experiencia e innovaci\u00f3n\u201d, que celebraremos del 3 [&hellip;]<\/p>\n","protected":false},"author":1,"featured_media":0,"parent":0,"menu_order":0,"comment_status":"closed","ping_status":"closed","template":"","meta":{"ocean_post_layout":"","ocean_both_sidebars_style":"","ocean_both_sidebars_content_width":0,"ocean_both_sidebars_sidebars_width":0,"ocean_sidebar":"","ocean_second_sidebar":"","ocean_disable_margins":"enable","ocean_add_body_class":"","ocean_shortcode_before_top_bar":"","ocean_shortcode_after_top_bar":"","ocean_shortcode_before_header":"","ocean_shortcode_after_header":"","ocean_has_shortcode":"","ocean_shortcode_after_title":"","ocean_shortcode_before_footer_widgets":"","ocean_shortcode_after_footer_widgets":"","ocean_shortcode_before_footer_bottom":"","ocean_shortcode_after_footer_bottom":"","ocean_display_top_bar":"default","ocean_display_header":"default","ocean_header_style":"","ocean_center_header_left_menu":"","ocean_custom_header_template":"","ocean_custom_logo":0,"ocean_custom_retina_logo":0,"ocean_custom_logo_max_width":0,"ocean_custom_logo_tablet_max_width":0,"ocean_custom_logo_mobile_max_width":0,"ocean_custom_logo_max_height":0,"ocean_custom_logo_tablet_max_height":0,"ocean_custom_logo_mobile_max_height":0,"ocean_header_custom_menu":"","ocean_menu_typo_font_family":"","ocean_menu_typo_font_subset":"","ocean_menu_typo_font_size":0,"ocean_menu_typo_font_size_tablet":0,"ocean_menu_typo_font_size_mobile":0,"ocean_menu_typo_font_size_unit":"px","ocean_menu_typo_font_weight":"","ocean_menu_typo_font_weight_tablet":"","ocean_menu_typo_font_weight_mobile":"","ocean_menu_typo_transform":"","ocean_menu_typo_transform_tablet":"","ocean_menu_typo_transform_mobile":"","ocean_menu_typo_line_height":0,"ocean_menu_typo_line_height_tablet":0,"ocean_menu_typo_line_height_mobile":0,"ocean_menu_typo_line_height_unit":"","ocean_menu_typo_spacing":0,"ocean_menu_typo_spacing_tablet":0,"ocean_menu_typo_spacing_mobile":0,"ocean_menu_typo_spacing_unit":"","ocean_menu_link_color":"","ocean_menu_link_color_hover":"","ocean_menu_link_color_active":"","ocean_menu_link_background":"","ocean_menu_link_hover_background":"","ocean_menu_link_active_background":"","ocean_menu_social_links_bg":"","ocean_menu_social_hover_links_bg":"","ocean_menu_social_links_color":"","ocean_menu_social_hover_links_color":"","ocean_disable_title":"default","ocean_disable_heading":"default","ocean_post_title":"","ocean_post_subheading":"","ocean_post_title_style":"","ocean_post_title_background_color":"","ocean_post_title_background":0,"ocean_post_title_bg_image_position":"","ocean_post_title_bg_image_attachment":"","ocean_post_title_bg_image_repeat":"","ocean_post_title_bg_image_size":"","ocean_post_title_height":0,"ocean_post_title_bg_overlay":0.5,"ocean_post_title_bg_overlay_color":"","ocean_disable_breadcrumbs":"default","ocean_breadcrumbs_color":"","ocean_breadcrumbs_separator_color":"","ocean_breadcrumbs_links_color":"","ocean_breadcrumbs_links_hover_color":"","ocean_display_footer_widgets":"default","ocean_display_footer_bottom":"default","ocean_custom_footer_template":"","footnotes":""},"class_list":["post-1744","page","type-page","status-publish","hentry","entry"],"_links":{"self":[{"href":"https:\/\/filacp.com\/residentesrd2025\/wp-json\/wp\/v2\/pages\/1744","targetHints":{"allow":["GET"]}}],"collection":[{"href":"https:\/\/filacp.com\/residentesrd2025\/wp-json\/wp\/v2\/pages"}],"about":[{"href":"https:\/\/filacp.com\/residentesrd2025\/wp-json\/wp\/v2\/types\/page"}],"author":[{"embeddable":true,"href":"https:\/\/filacp.com\/residentesrd2025\/wp-json\/wp\/v2\/users\/1"}],"replies":[{"embeddable":true,"href":"https:\/\/filacp.com\/residentesrd2025\/wp-json\/wp\/v2\/comments?post=1744"}],"version-history":[{"count":0,"href":"https:\/\/filacp.com\/residentesrd2025\/wp-json\/wp\/v2\/pages\/1744\/revisions"}],"wp:attachment":[{"href":"https:\/\/filacp.com\/residentesrd2025\/wp-json\/wp\/v2\/media?parent=1744"}],"curies":[{"name":"wp","href":"https:\/\/api.w.org\/{rel}","templated":true}]}}