{"id":999,"date":"2022-04-11T16:27:18","date_gmt":"2022-04-11T19:27:18","guid":{"rendered":"https:\/\/filacp.com\/residentescr2022\/?page_id=999"},"modified":"2025-07-03T09:48:00","modified_gmt":"2025-07-03T12:48:00","slug":"curso-de-redaccion-cientifica","status":"publish","type":"page","link":"https:\/\/filacp.com\/residentesrd2025\/curso-de-redaccion-cientifica\/","title":{"rendered":"Curso de Redacci\u00f3n Cient\u00edfica"},"content":{"rendered":"\t\t<div data-elementor-type=\"wp-page\" data-elementor-id=\"999\" class=\"elementor elementor-999\">\n\t\t\t\t\t\t<section class=\"elementor-section elementor-top-section elementor-element elementor-element-fd93a2b elementor-section-boxed elementor-section-height-default elementor-section-height-default\" data-id=\"fd93a2b\" data-element_type=\"section\">\n\t\t\t\t\t\t<div class=\"elementor-container elementor-column-gap-default\">\n\t\t\t\t\t<div class=\"elementor-column elementor-col-100 elementor-top-column elementor-element elementor-element-c0e1a83\" data-id=\"c0e1a83\" data-element_type=\"column\">\n\t\t\t<div class=\"elementor-widget-wrap elementor-element-populated\">\n\t\t\t\t\t\t<div class=\"elementor-element elementor-element-0ae4d66 elementor-widget elementor-widget-text-editor\" data-id=\"0ae4d66\" data-element_type=\"widget\" data-widget_type=\"text-editor.default\">\n\t\t\t\t<div class=\"elementor-widget-container\">\n\t\t\t\t\t\t\t\t\t<p><strong>Queridos estudiantes, residentes y noveles cirujanos pl\u00e1sticos. <\/strong><\/p><p>Me complace presentar el curso <strong>&#8220;Introducci\u00f3n a la Redacci\u00f3n Cient\u00edfica en Medicina\u201d,<\/strong> una propuesta formativa orientada a estudiantes de medicina y especialistas interesados en dar sus primeros pasos en la escritura cient\u00edfica, que tendr\u00e1 lugar el <strong>s\u00e1bado 6 de septiembre de 2025.<\/strong><\/p><p>Este curso, que desde hace a\u00f1os desarrolla la <strong>Revista Cirug\u00eda Pl\u00e1stica Ibero-Latinoamericana,<\/strong> se enorgullece de tener en esta ocasi\u00f3n como anfitriona a la <strong>Facultad de Medicina de la Universidad Iberoamericana de Santo Domingo (UNIBE),<\/strong> en cuyo auditorio tendr\u00e1 lugar el evento, as\u00ed como de contar con dos entidades auspiciadoras, la <strong>Sociedad Dominicana de Cirug\u00eda Pl\u00e1stica, Reconstructiva y Est\u00e9tica (SODOCIPRE)<\/strong> y la <strong>Federaci\u00f3n Ibero Latinoamericana de Cirug\u00eda Pl\u00e1stica (FILACP).<\/strong> Ser\u00e1 adem\u00e1s el cierre del <strong>II Congreso Ibero Latinoamericano de Residentes y J\u00f3venes Especialistas de la FILACP <\/strong>que se celebrar\u00e1 los d\u00edas previos.<\/p><p>La importancia de publicar en medicina no puede subestimarse. La difusi\u00f3n de conocimientos cient\u00edficos contribuye al avance de la medicina, mejora la atenci\u00f3n a los pacientes y fomenta la innovaci\u00f3n en tratamientos y procedimientos. Publicar art\u00edculos cient\u00edficos tambi\u00e9n fortalece la carrera profesional, aumenta la visibilidad de los investigadores y promueve la colaboraci\u00f3n internacional.<\/p><p>Hemos dise\u00f1ado para este curso un programa especialmente destinado a estudiantes, investigadores, y m\u00e9dicos residentes que deseen aprender o perfeccionar sus habilidades para comunicar sus hallazgos de manera clara, precisa y efectiva.<\/p><p>Los asistentes aprender\u00e1n desde los conceptos b\u00e1sicos hasta nociones avanzadas para redactar art\u00edculos cient\u00edficos de alta calidad. Nos enfocaremos en aspectos fundamentales como los tipos de art\u00edculos y su estructura, la redacci\u00f3n de introducciones y discusiones justificadas que conduzcan a conclusiones de relieve, la correcta presentaci\u00f3n del m\u00e9todo cient\u00edfico, la exposici\u00f3n de resultados de manera clara, la norma para citaci\u00f3n de fuentes y, muy importante tambi\u00e9n, el manejo \u00e9tico de la informaci\u00f3n m\u00e9dica. Adem\u00e1s, abordaremos c\u00f3mo preparar los manuscritos para su env\u00edo a valoraci\u00f3n a revistas especializadas, a gestionar las revisiones y a responder a los comentarios de los revisores.<\/p><p>Este curso es una excelente oportunidad para reunir a estudiantes, especialistas y profesores de diferentes edades y \u00e1reas de la salud, y para promover la uni\u00f3n entre la academia y la pr\u00e1ctica profesional con habilidades de comunicaci\u00f3n cient\u00edfica que culminen en la publicaci\u00f3n de ciencia escrita. En resumen, para aprender c\u00f3mo contribuir al progreso de la medicina.<\/p><p>Esperamos contar con su valiosa participaci\u00f3n en este espacio de aprendizaje y crecimiento profesional.<\/p><p>Atentamente,<\/p>\t\t\t\t\t\t\t\t<\/div>\n\t\t\t\t<\/div>\n\t\t\t\t<div class=\"elementor-element elementor-element-70c0f97 elementor-position-top elementor-position-top elementor-widget elementor-widget-image-box\" data-id=\"70c0f97\" data-element_type=\"widget\" data-widget_type=\"image-box.default\">\n\t\t\t\t<div class=\"elementor-widget-container\">\n\t\t\t\t\t<div class=\"elementor-image-box-wrapper\"><figure class=\"elementor-image-box-img\"><img decoding=\"async\" width=\"200\" height=\"200\" src=\"https:\/\/filacp.com\/residentesrd2025\/wp-content\/uploads\/2025-DRA.-VAQUERO.jpg\" class=\"attachment-full size-full wp-image-1836\" alt=\"\" srcset=\"https:\/\/filacp.com\/residentesrd2025\/wp-content\/uploads\/2025-DRA.-VAQUERO.jpg 200w, https:\/\/filacp.com\/residentesrd2025\/wp-content\/uploads\/2025-DRA.-VAQUERO-150x150.jpg 150w\" sizes=\"(max-width: 200px) 100vw, 200px\" \/><\/figure><div class=\"elementor-image-box-content\"><h3 class=\"elementor-image-box-title\">Dra. Mar\u00eda del Mar Vaquero<\/h3><p class=\"elementor-image-box-description\">Directora del Curso<br>\nDirectora de Cirug\u00eda Pl\u00e1stica Ibero-Latinoamericana\n\n<\/p><\/div><\/div>\t\t\t\t<\/div>\n\t\t\t\t<\/div>\n\t\t\t\t<div class=\"elementor-element elementor-element-520290b elementor-widget-divider--view-line elementor-widget elementor-widget-divider\" data-id=\"520290b\" data-element_type=\"widget\" data-widget_type=\"divider.default\">\n\t\t\t\t<div class=\"elementor-widget-container\">\n\t\t\t\t\t\t\t<div class=\"elementor-divider\">\n\t\t\t<span class=\"elementor-divider-separator\">\n\t\t\t\t\t\t<\/span>\n\t\t<\/div>\n\t\t\t\t\t\t<\/div>\n\t\t\t\t<\/div>\n\t\t\t\t<div class=\"elementor-element elementor-element-f4e864a elementor-align-center elementor-widget elementor-widget-button\" data-id=\"f4e864a\" data-element_type=\"widget\" data-widget_type=\"button.default\">\n\t\t\t\t<div class=\"elementor-widget-container\">\n\t\t\t\t\t\t\t\t\t<div class=\"elementor-button-wrapper\">\n\t\t\t\t\t<a class=\"elementor-button elementor-button-link elementor-size-sm elementor-animation-push\" href=\"https:\/\/drive.google.com\/file\/d\/1VRa_koIET2Bh32pOiSlanktAez7zUWGk\/view?usp=drive_link\" target=\"_blank\" rel=\"nofollow\">\n\t\t\t\t\t\t<span class=\"elementor-button-content-wrapper\">\n\t\t\t\t\t\t<span class=\"elementor-button-icon\">\n\t\t\t\t<i aria-hidden=\"true\" class=\"fas fa-file-pdf\"><\/i>\t\t\t<\/span>\n\t\t\t\t\t\t\t\t\t<span class=\"elementor-button-text\">Ver Programa Preliminar<\/span>\n\t\t\t\t\t<\/span>\n\t\t\t\t\t<\/a>\n\t\t\t\t<\/div>\n\t\t\t\t\t\t\t\t<\/div>\n\t\t\t\t<\/div>\n\t\t\t\t\t<\/div>\n\t\t<\/div>\n\t\t\t\t\t<\/div>\n\t\t<\/section>\n\t\t\t\t<\/div>\n\t\t","protected":false},"excerpt":{"rendered":"<p>Queridos estudiantes, residentes y noveles cirujanos pl\u00e1sticos. Me complace presentar el curso &#8220;Introducci\u00f3n a la Redacci\u00f3n Cient\u00edfica en Medicina\u201d, una propuesta formativa orientada a estudiantes de medicina y especialistas interesados en dar sus primeros pasos en la escritura cient\u00edfica, que tendr\u00e1 lugar el s\u00e1bado 6 de septiembre de 2025. Este curso, que desde hace a\u00f1os [&hellip;]<\/p>\n","protected":false},"author":1,"featured_media":0,"parent":0,"menu_order":0,"comment_status":"closed","ping_status":"closed","template":"","meta":{"ocean_post_layout":"","ocean_both_sidebars_style":"","ocean_both_sidebars_content_width":0,"ocean_both_sidebars_sidebars_width":0,"ocean_sidebar":"0","ocean_second_sidebar":"0","ocean_disable_margins":"enable","ocean_add_body_class":"","ocean_shortcode_before_top_bar":"","ocean_shortcode_after_top_bar":"","ocean_shortcode_before_header":"","ocean_shortcode_after_header":"","ocean_has_shortcode":"","ocean_shortcode_after_title":"","ocean_shortcode_before_footer_widgets":"","ocean_shortcode_after_footer_widgets":"","ocean_shortcode_before_footer_bottom":"","ocean_shortcode_after_footer_bottom":"","ocean_display_top_bar":"default","ocean_display_header":"default","ocean_header_style":"","ocean_center_header_left_menu":"0","ocean_custom_header_template":"0","ocean_custom_logo":0,"ocean_custom_retina_logo":0,"ocean_custom_logo_max_width":0,"ocean_custom_logo_tablet_max_width":0,"ocean_custom_logo_mobile_max_width":0,"ocean_custom_logo_max_height":0,"ocean_custom_logo_tablet_max_height":0,"ocean_custom_logo_mobile_max_height":0,"ocean_header_custom_menu":"0","ocean_menu_typo_font_family":"0","ocean_menu_typo_font_subset":"","ocean_menu_typo_font_size":0,"ocean_menu_typo_font_size_tablet":0,"ocean_menu_typo_font_size_mobile":0,"ocean_menu_typo_font_size_unit":"px","ocean_menu_typo_font_weight":"","ocean_menu_typo_font_weight_tablet":"","ocean_menu_typo_font_weight_mobile":"","ocean_menu_typo_transform":"","ocean_menu_typo_transform_tablet":"","ocean_menu_typo_transform_mobile":"","ocean_menu_typo_line_height":0,"ocean_menu_typo_line_height_tablet":0,"ocean_menu_typo_line_height_mobile":0,"ocean_menu_typo_line_height_unit":"","ocean_menu_typo_spacing":0,"ocean_menu_typo_spacing_tablet":0,"ocean_menu_typo_spacing_mobile":0,"ocean_menu_typo_spacing_unit":"","ocean_menu_link_color":"","ocean_menu_link_color_hover":"","ocean_menu_link_color_active":"","ocean_menu_link_background":"","ocean_menu_link_hover_background":"","ocean_menu_link_active_background":"","ocean_menu_social_links_bg":"","ocean_menu_social_hover_links_bg":"","ocean_menu_social_links_color":"","ocean_menu_social_hover_links_color":"","ocean_disable_title":"default","ocean_disable_heading":"default","ocean_post_title":"","ocean_post_subheading":"","ocean_post_title_style":"","ocean_post_title_background_color":"","ocean_post_title_background":0,"ocean_post_title_bg_image_position":"","ocean_post_title_bg_image_attachment":"","ocean_post_title_bg_image_repeat":"","ocean_post_title_bg_image_size":"","ocean_post_title_height":0,"ocean_post_title_bg_overlay":0.5,"ocean_post_title_bg_overlay_color":"","ocean_disable_breadcrumbs":"default","ocean_breadcrumbs_color":"","ocean_breadcrumbs_separator_color":"","ocean_breadcrumbs_links_color":"","ocean_breadcrumbs_links_hover_color":"","ocean_display_footer_widgets":"default","ocean_display_footer_bottom":"default","ocean_custom_footer_template":"0","footnotes":""},"class_list":["post-999","page","type-page","status-publish","hentry","entry"],"_links":{"self":[{"href":"https:\/\/filacp.com\/residentesrd2025\/wp-json\/wp\/v2\/pages\/999","targetHints":{"allow":["GET"]}}],"collection":[{"href":"https:\/\/filacp.com\/residentesrd2025\/wp-json\/wp\/v2\/pages"}],"about":[{"href":"https:\/\/filacp.com\/residentesrd2025\/wp-json\/wp\/v2\/types\/page"}],"author":[{"embeddable":true,"href":"https:\/\/filacp.com\/residentesrd2025\/wp-json\/wp\/v2\/users\/1"}],"replies":[{"embeddable":true,"href":"https:\/\/filacp.com\/residentesrd2025\/wp-json\/wp\/v2\/comments?post=999"}],"version-history":[{"count":0,"href":"https:\/\/filacp.com\/residentesrd2025\/wp-json\/wp\/v2\/pages\/999\/revisions"}],"wp:attachment":[{"href":"https:\/\/filacp.com\/residentesrd2025\/wp-json\/wp\/v2\/media?parent=999"}],"curies":[{"name":"wp","href":"https:\/\/api.w.org\/{rel}","templated":true}]}}